{"id":22,"date":"2022-06-22T10:42:19","date_gmt":"2022-06-22T08:42:19","guid":{"rendered":"http:\/\/zeromskiego17.insel-apartamenty.pl\/?page_id=22"},"modified":"2022-06-25T09:21:47","modified_gmt":"2022-06-25T07:21:47","slug":"historia","status":"publish","type":"page","link":"https:\/\/zeromskiego17.insel-apartamenty.pl\/?page_id=22","title":{"rendered":"Historia"},"content":{"rendered":"\t\t<div data-elementor-type=\"wp-page\" data-elementor-id=\"22\" class=\"elementor elementor-22\">\n\t\t\t\t\t\t\t\t\t<section class=\"elementor-section elementor-top-section elementor-element elementor-element-c6cf418 elementor-section-boxed elementor-section-height-default elementor-section-height-default\" data-id=\"c6cf418\" data-element_type=\"section\">\n\t\t\t\t\t\t<div class=\"elementor-container elementor-column-gap-default\">\n\t\t\t\t\t<div class=\"elementor-column elementor-col-100 elementor-top-column elementor-element elementor-element-713aea7\" data-id=\"713aea7\" data-element_type=\"column\">\n\t\t\t<div class=\"elementor-widget-wrap elementor-element-populated\">\n\t\t\t\t\t\t\t\t<div class=\"elementor-element elementor-element-8da8c07 elementor-widget elementor-widget-heading\" data-id=\"8da8c07\" data-element_type=\"widget\" data-widget_type=\"heading.default\">\n\t\t\t\t<div class=\"elementor-widget-container\">\n\t\t\t<style>\/*! elementor - v3.6.6 - 08-06-2022 *\/\n.elementor-heading-title{padding:0;margin:0;line-height:1}.elementor-widget-heading .elementor-heading-title[class*=elementor-size-]>a{color:inherit;font-size:inherit;line-height:inherit}.elementor-widget-heading .elementor-heading-title.elementor-size-small{font-size:15px}.elementor-widget-heading .elementor-heading-title.elementor-size-medium{font-size:19px}.elementor-widget-heading .elementor-heading-title.elementor-size-large{font-size:29px}.elementor-widget-heading .elementor-heading-title.elementor-size-xl{font-size:39px}.elementor-widget-heading .elementor-heading-title.elementor-size-xxl{font-size:59px}<\/style><h2 class=\"elementor-heading-title elementor-size-default\"><br>Historia<br>      <\/h2>\t\t<\/div>\n\t\t\t\t<\/div>\n\t\t\t\t\t<\/div>\n\t\t<\/div>\n\t\t\t\t\t\t\t<\/div>\n\t\t<\/section>\n\t\t\t\t<section class=\"elementor-section elementor-top-section elementor-element elementor-element-f13e967 elementor-section-boxed elementor-section-height-default elementor-section-height-default\" data-id=\"f13e967\" data-element_type=\"section\">\n\t\t\t\t\t\t<div class=\"elementor-container elementor-column-gap-default\">\n\t\t\t\t\t<div class=\"elementor-column elementor-col-33 elementor-top-column elementor-element elementor-element-1648e6d\" data-id=\"1648e6d\" data-element_type=\"column\">\n\t\t\t<div class=\"elementor-widget-wrap elementor-element-populated\">\n\t\t\t\t\t\t\t\t<div class=\"elementor-element elementor-element-a5c13e6 elementor-widget elementor-widget-image-gallery\" data-id=\"a5c13e6\" data-element_type=\"widget\" data-widget_type=\"image-gallery.default\">\n\t\t\t\t<div class=\"elementor-widget-container\">\n\t\t\t<style>\/*! elementor - v3.6.6 - 08-06-2022 *\/\n.elementor-image-gallery .gallery-item{display:inline-block;text-align:center;vertical-align:top;width:100%;max-width:100%;margin:0 auto}.elementor-image-gallery .gallery-item img{margin:0 auto}.elementor-image-gallery .gallery-item .gallery-caption{margin:0}.elementor-image-gallery figure img{display:block}.elementor-image-gallery figure figcaption{width:100%}.gallery-spacing-custom .elementor-image-gallery .gallery-icon{padding:0}@media (min-width:768px){.elementor-image-gallery .gallery-columns-2 .gallery-item{max-width:50%}.elementor-image-gallery .gallery-columns-3 .gallery-item{max-width:33.33%}.elementor-image-gallery .gallery-columns-4 .gallery-item{max-width:25%}.elementor-image-gallery .gallery-columns-5 .gallery-item{max-width:20%}.elementor-image-gallery .gallery-columns-6 .gallery-item{max-width:16.666%}.elementor-image-gallery .gallery-columns-7 .gallery-item{max-width:14.28%}.elementor-image-gallery .gallery-columns-8 .gallery-item{max-width:12.5%}.elementor-image-gallery .gallery-columns-9 .gallery-item{max-width:11.11%}.elementor-image-gallery .gallery-columns-10 .gallery-item{max-width:10%}}@media (min-width:480px) and (max-width:767px){.elementor-image-gallery .gallery.gallery-columns-2 .gallery-item,.elementor-image-gallery .gallery.gallery-columns-3 .gallery-item,.elementor-image-gallery .gallery.gallery-columns-4 .gallery-item,.elementor-image-gallery .gallery.gallery-columns-5 .gallery-item,.elementor-image-gallery .gallery.gallery-columns-6 .gallery-item,.elementor-image-gallery .gallery.gallery-columns-7 .gallery-item,.elementor-image-gallery .gallery.gallery-columns-8 .gallery-item,.elementor-image-gallery .gallery.gallery-columns-9 .gallery-item,.elementor-image-gallery .gallery.gallery-columns-10 .gallery-item{max-width:50%}}@media (max-width:479px){.elementor-image-gallery .gallery.gallery-columns-2 .gallery-item,.elementor-image-gallery .gallery.gallery-columns-3 .gallery-item,.elementor-image-gallery .gallery.gallery-columns-4 .gallery-item,.elementor-image-gallery .gallery.gallery-columns-5 .gallery-item,.elementor-image-gallery .gallery.gallery-columns-6 .gallery-item,.elementor-image-gallery .gallery.gallery-columns-7 .gallery-item,.elementor-image-gallery .gallery.gallery-columns-8 .gallery-item,.elementor-image-gallery .gallery.gallery-columns-9 .gallery-item,.elementor-image-gallery .gallery.gallery-columns-10 .gallery-item{max-width:100%}}<\/style>\t\t<div class=\"elementor-image-gallery\">\n\t\t\t\n\t\t<style type=\"text\/css\">\n\t\t\t#gallery-1 {\n\t\t\t\tmargin: auto;\n\t\t\t}\n\t\t\t#gallery-1 .gallery-item {\n\t\t\t\tfloat: left;\n\t\t\t\tmargin-top: 10px;\n\t\t\t\ttext-align: center;\n\t\t\t\twidth: 100%;\n\t\t\t}\n\t\t\t#gallery-1 img {\n\t\t\t\tborder: 2px solid #cfcfcf;\n\t\t\t}\n\t\t\t#gallery-1 .gallery-caption {\n\t\t\t\tmargin-left: 0;\n\t\t\t}\n\t\t\t\/* see gallery_shortcode() in wp-includes\/media.php *\/\n\t\t<\/style>\n\t\t<div id='gallery-1' class='gallery galleryid-22 gallery-columns-1 gallery-size-1536x1536'><dl class='gallery-item'>\n\t\t\t<dt class='gallery-icon portrait'>\n\t\t\t\t<a data-elementor-open-lightbox=\"yes\" data-elementor-lightbox-slideshow=\"a5c13e6\" data-elementor-lightbox-title=\"Zeromskiego_17_1937206_Fotopolska-Eu\" e-action-hash=\"#elementor-action%3Aaction%3Dlightbox%26settings%3DeyJpZCI6MTAyLCJ1cmwiOiJodHRwczpcL1wvemVyb21za2llZ28xNy5pbnNlbC1hcGFydGFtZW50eS5wbFwvd3AtY29udGVudFwvdXBsb2Fkc1wvMjAyMlwvMDZcL1plcm9tc2tpZWdvXzE3XzE5MzcyMDZfRm90b3BvbHNrYS1FdS5qcGciLCJzbGlkZXNob3ciOiJhNWMxM2U2In0%3D\" href='https:\/\/zeromskiego17.insel-apartamenty.pl\/wp-content\/uploads\/2022\/06\/Zeromskiego_17_1937206_Fotopolska-Eu.jpg'><img loading=\"lazy\" decoding=\"async\" width=\"1493\" height=\"1536\" src=\"https:\/\/zeromskiego17.insel-apartamenty.pl\/wp-content\/uploads\/2022\/06\/Zeromskiego_17_1937206_Fotopolska-Eu-1493x1536.jpg\" class=\"attachment-1536x1536 size-1536x1536\" alt=\"\" srcset=\"https:\/\/zeromskiego17.insel-apartamenty.pl\/wp-content\/uploads\/2022\/06\/Zeromskiego_17_1937206_Fotopolska-Eu-1493x1536.jpg 1493w, https:\/\/zeromskiego17.insel-apartamenty.pl\/wp-content\/uploads\/2022\/06\/Zeromskiego_17_1937206_Fotopolska-Eu-292x300.jpg 292w, https:\/\/zeromskiego17.insel-apartamenty.pl\/wp-content\/uploads\/2022\/06\/Zeromskiego_17_1937206_Fotopolska-Eu-995x1024.jpg 995w, https:\/\/zeromskiego17.insel-apartamenty.pl\/wp-content\/uploads\/2022\/06\/Zeromskiego_17_1937206_Fotopolska-Eu-768x790.jpg 768w, https:\/\/zeromskiego17.insel-apartamenty.pl\/wp-content\/uploads\/2022\/06\/Zeromskiego_17_1937206_Fotopolska-Eu.jpg 1944w\" sizes=\"auto, (max-width: 1493px) 100vw, 1493px\" \/><\/a>\n\t\t\t<\/dt><\/dl><br style=\"clear: both\" \/><dl class='gallery-item'>\n\t\t\t<dt class='gallery-icon landscape'>\n\t\t\t\t<a data-elementor-open-lightbox=\"yes\" data-elementor-lightbox-slideshow=\"a5c13e6\" data-elementor-lightbox-title=\"image\" e-action-hash=\"#elementor-action%3Aaction%3Dlightbox%26settings%3DeyJpZCI6MTAxLCJ1cmwiOiJodHRwczpcL1wvemVyb21za2llZ28xNy5pbnNlbC1hcGFydGFtZW50eS5wbFwvd3AtY29udGVudFwvdXBsb2Fkc1wvMjAyMlwvMDZcL2ltYWdlLmpwZWciLCJzbGlkZXNob3ciOiJhNWMxM2U2In0%3D\" href='https:\/\/zeromskiego17.insel-apartamenty.pl\/wp-content\/uploads\/2022\/06\/image.jpeg'><img loading=\"lazy\" decoding=\"async\" width=\"669\" height=\"455\" src=\"https:\/\/zeromskiego17.insel-apartamenty.pl\/wp-content\/uploads\/2022\/06\/image.jpeg\" class=\"attachment-1536x1536 size-1536x1536\" alt=\"\" srcset=\"https:\/\/zeromskiego17.insel-apartamenty.pl\/wp-content\/uploads\/2022\/06\/image.jpeg 669w, https:\/\/zeromskiego17.insel-apartamenty.pl\/wp-content\/uploads\/2022\/06\/image-300x204.jpeg 300w\" sizes=\"auto, (max-width: 669px) 100vw, 669px\" \/><\/a>\n\t\t\t<\/dt><\/dl><br style=\"clear: both\" \/><dl class='gallery-item'>\n\t\t\t<dt class='gallery-icon landscape'>\n\t\t\t\t<a data-elementor-open-lightbox=\"yes\" data-elementor-lightbox-slideshow=\"a5c13e6\" data-elementor-lightbox-title=\"1952487\" e-action-hash=\"#elementor-action%3Aaction%3Dlightbox%26settings%3DeyJpZCI6OTgsInVybCI6Imh0dHBzOlwvXC96ZXJvbXNraWVnbzE3Lmluc2VsLWFwYXJ0YW1lbnR5LnBsXC93cC1jb250ZW50XC91cGxvYWRzXC8yMDIyXC8wNlwvMTk1MjQ4Ny5qcGVnIiwic2xpZGVzaG93IjoiYTVjMTNlNiJ9\" href='https:\/\/zeromskiego17.insel-apartamenty.pl\/wp-content\/uploads\/2022\/06\/1952487.jpeg'><img loading=\"lazy\" decoding=\"async\" width=\"1536\" height=\"924\" src=\"https:\/\/zeromskiego17.insel-apartamenty.pl\/wp-content\/uploads\/2022\/06\/1952487-1536x924.jpeg\" class=\"attachment-1536x1536 size-1536x1536\" alt=\"\" srcset=\"https:\/\/zeromskiego17.insel-apartamenty.pl\/wp-content\/uploads\/2022\/06\/1952487-1536x924.jpeg 1536w, https:\/\/zeromskiego17.insel-apartamenty.pl\/wp-content\/uploads\/2022\/06\/1952487-300x180.jpeg 300w, https:\/\/zeromskiego17.insel-apartamenty.pl\/wp-content\/uploads\/2022\/06\/1952487-1024x616.jpeg 1024w, https:\/\/zeromskiego17.insel-apartamenty.pl\/wp-content\/uploads\/2022\/06\/1952487-768x462.jpeg 768w, https:\/\/zeromskiego17.insel-apartamenty.pl\/wp-content\/uploads\/2022\/06\/1952487.jpeg 1900w\" sizes=\"auto, (max-width: 1536px) 100vw, 1536px\" \/><\/a>\n\t\t\t<\/dt><\/dl><br style=\"clear: both\" \/><dl class='gallery-item'>\n\t\t\t<dt class='gallery-icon landscape'>\n\t\t\t\t<a data-elementor-open-lightbox=\"yes\" data-elementor-lightbox-slideshow=\"a5c13e6\" data-elementor-lightbox-title=\"59b1229447ba8_p\" e-action-hash=\"#elementor-action%3Aaction%3Dlightbox%26settings%3DeyJpZCI6OTYsInVybCI6Imh0dHBzOlwvXC96ZXJvbXNraWVnbzE3Lmluc2VsLWFwYXJ0YW1lbnR5LnBsXC93cC1jb250ZW50XC91cGxvYWRzXC8yMDIyXC8wNlwvNTliMTIyOTQ0N2JhOF9wLmpwZWciLCJzbGlkZXNob3ciOiJhNWMxM2U2In0%3D\" href='https:\/\/zeromskiego17.insel-apartamenty.pl\/wp-content\/uploads\/2022\/06\/59b1229447ba8_p.jpeg'><img loading=\"lazy\" decoding=\"async\" width=\"780\" height=\"447\" src=\"https:\/\/zeromskiego17.insel-apartamenty.pl\/wp-content\/uploads\/2022\/06\/59b1229447ba8_p.jpeg\" class=\"attachment-1536x1536 size-1536x1536\" alt=\"\" srcset=\"https:\/\/zeromskiego17.insel-apartamenty.pl\/wp-content\/uploads\/2022\/06\/59b1229447ba8_p.jpeg 780w, https:\/\/zeromskiego17.insel-apartamenty.pl\/wp-content\/uploads\/2022\/06\/59b1229447ba8_p-300x172.jpeg 300w, https:\/\/zeromskiego17.insel-apartamenty.pl\/wp-content\/uploads\/2022\/06\/59b1229447ba8_p-768x440.jpeg 768w\" sizes=\"auto, (max-width: 780px) 100vw, 780px\" \/><\/a>\n\t\t\t<\/dt><\/dl><br style=\"clear: both\" \/><dl class='gallery-item'>\n\t\t\t<dt class='gallery-icon landscape'>\n\t\t\t\t<a data-elementor-open-lightbox=\"yes\" data-elementor-lightbox-slideshow=\"a5c13e6\" data-elementor-lightbox-title=\"Zrzut-ekranu-2017-09-29-o-10.52.34\" e-action-hash=\"#elementor-action%3Aaction%3Dlightbox%26settings%3DeyJpZCI6OTUsInVybCI6Imh0dHBzOlwvXC96ZXJvbXNraWVnbzE3Lmluc2VsLWFwYXJ0YW1lbnR5LnBsXC93cC1jb250ZW50XC91cGxvYWRzXC8yMDIyXC8wNlwvWnJ6dXQtZWtyYW51LTIwMTctMDktMjktby0xMC41Mi4zNC5wbmciLCJzbGlkZXNob3ciOiJhNWMxM2U2In0%3D\" href='https:\/\/zeromskiego17.insel-apartamenty.pl\/wp-content\/uploads\/2022\/06\/Zrzut-ekranu-2017-09-29-o-10.52.34.png'><img loading=\"lazy\" decoding=\"async\" width=\"1160\" height=\"1068\" src=\"https:\/\/zeromskiego17.insel-apartamenty.pl\/wp-content\/uploads\/2022\/06\/Zrzut-ekranu-2017-09-29-o-10.52.34.png\" class=\"attachment-1536x1536 size-1536x1536\" alt=\"\" srcset=\"https:\/\/zeromskiego17.insel-apartamenty.pl\/wp-content\/uploads\/2022\/06\/Zrzut-ekranu-2017-09-29-o-10.52.34.png 1160w, https:\/\/zeromskiego17.insel-apartamenty.pl\/wp-content\/uploads\/2022\/06\/Zrzut-ekranu-2017-09-29-o-10.52.34-300x276.png 300w, https:\/\/zeromskiego17.insel-apartamenty.pl\/wp-content\/uploads\/2022\/06\/Zrzut-ekranu-2017-09-29-o-10.52.34-1024x943.png 1024w, https:\/\/zeromskiego17.insel-apartamenty.pl\/wp-content\/uploads\/2022\/06\/Zrzut-ekranu-2017-09-29-o-10.52.34-768x707.png 768w\" sizes=\"auto, (max-width: 1160px) 100vw, 1160px\" \/><\/a>\n\t\t\t<\/dt><\/dl><br style=\"clear: both\" \/>\n\t\t<\/div>\n\t\t<\/div>\n\t\t\t\t<\/div>\n\t\t\t\t<\/div>\n\t\t\t\t\t<\/div>\n\t\t<\/div>\n\t\t\t\t<div class=\"elementor-column elementor-col-66 elementor-top-column elementor-element elementor-element-4733af4\" data-id=\"4733af4\" data-element_type=\"column\">\n\t\t\t<div class=\"elementor-widget-wrap elementor-element-populated\">\n\t\t\t\t\t\t\t\t<div class=\"elementor-element elementor-element-0aba0a6 elementor-widget elementor-widget-text-editor\" data-id=\"0aba0a6\" data-element_type=\"widget\" data-widget_type=\"text-editor.default\">\n\t\t\t\t<div class=\"elementor-widget-container\">\n\t\t\t<style>\/*! elementor - v3.6.6 - 08-06-2022 *\/\n.elementor-widget-text-editor.elementor-drop-cap-view-stacked .elementor-drop-cap{background-color:#818a91;color:#fff}.elementor-widget-text-editor.elementor-drop-cap-view-framed .elementor-drop-cap{color:#818a91;border:3px solid;background-color:transparent}.elementor-widget-text-editor:not(.elementor-drop-cap-view-default) .elementor-drop-cap{margin-top:8px}.elementor-widget-text-editor:not(.elementor-drop-cap-view-default) .elementor-drop-cap-letter{width:1em;height:1em}.elementor-widget-text-editor .elementor-drop-cap{float:left;text-align:center;line-height:1;font-size:50px}.elementor-widget-text-editor .elementor-drop-cap-letter{display:inline-block}<\/style>\t\t\t\t<p><span style=\"font-weight: 400;\">&nbsp; &nbsp;<\/span><\/p><p><span style=\"font-weight: 400;\">Budynek, w kt\u00f3rym obecnie mie\u015bci si\u0119 nasz Apartament ma bogat\u0105 histori\u0119. Powsta\u0142 prawdopodobnie pod koniec XIX wieku. S\u0105siednie kamienice wybudowano na prze\u0142omie 1894 i 1895 roku, z tego okresu przypuszczalnie&nbsp; pochodzi wi\u0119c te\u017c i ten obiekt.<\/span><\/p>\n<p><\/p>\n<p><span style=\"font-weight: 400;\">Pierwszym w\u0142a\u015bcicielem by\u0142 kupiec z Berlina &#8211; Otto Haah, kt\u00f3ry stworzy\u0142 w nim pensjonat pierwszej kategorii i nazwa\u0142 An de Waterkant. By\u0142 on polecany osobom szlachetnie urodzonym i oficerom niemieckim. W pensjonacie by\u0142o ju\u017c w tym czasie o\u015bwietlenie elektryczne i ogrzewanie centralne oraz ka\u017cdy pok\u00f3j wyposa\u017cony by\u0142 w \u0142azienk\u0119.<\/span><\/p>\n<p><span style=\"font-weight: 400;\">Kolejna wzmianka o obiekcie pochodzi z 1932 roku i m\u00f3wi o nowym w\u0142a\u015bcicielu Willy Wolfie, kt\u00f3ry na parterze urz\u0105dzi\u0142 eleganck\u0105 restauracj\u0119. Za jego czas\u00f3w w pensjonacie by\u0142o miejsce dla 52 os\u00f3b.<\/span><\/p>\n<p><span style=\"font-weight: 400;\">W czasie II Wojny \u015awiatowej w obiekcie zlokalizowany by\u0142 lazaret wojskowy, a w 1944 roku mieszkali w nim uchod\u017acy wojenni ze Wschodu.<\/span><\/p>\n<p><span style=\"font-weight: 400;\">W 1945 roku ca\u0142\u0105 dzielnic\u0119 nadmorsk\u0105 przej\u0119li Rosjanie. Ogrodzili teren i nie wpuszczali Polak\u00f3w do \u015brodka ani te\u017c nie pozwalali korzysta\u0107 z pla\u017cy. W tym czasie w budynku mieszka\u0142y rodziny \u017co\u0142nierzy radzieckich.<\/span><\/p>\n<p><span style=\"font-weight: 400;\">Na prze\u0142omie 1958 i 1959 roku pensjonat przej\u0119\u0142o miasto \u015awinouj\u015bcie. Wydzier\u017cawi\u0142o go Almaturowi &#8211; organizacji, kt\u00f3ra zajmowa\u0142a si\u0119 turystyk\u0105 studenck\u0105. W tym czasie budynkowi nadano w\u0142a\u015bnie nazw\u0119 Wisus.<\/span><\/p>\n<p><span style=\"font-weight: 400;\">W 1965 r. do budynku wkroczy\u0142a FAMA, czyli s\u0142ynny Festiwal Artystyczny M\u0142odzie\u017cy Akademickiej. Zatrzymywali si\u0119 w nim arty\u015bci uczestnicz\u0105cy w festiwalu. Z ciekawostek z tych czas\u00f3w pozosta\u0142a historia o wprowadzeniu podczas jednej z wieczornych zabaw do budynku os\u0142a.<\/span><\/p>\n<p><span style=\"font-weight: 400;\">Przez wiele lat budynek sta\u0142 opustosza\u0142y, ale w latach 2017 &#8211; 2020 r. przeszed\u0142 gruntowny remont i obecnie funkcjonuje jako nowoczesny apartamentowiec z saun\u0105, jacuzzi i si\u0142owni\u0105.<\/span><\/p>\t\t\t\t\t\t<\/div>\n\t\t\t\t<\/div>\n\t\t\t\t\t<\/div>\n\t\t<\/div>\n\t\t\t\t\t\t\t<\/div>\n\t\t<\/section>\n\t\t\t\t<section class=\"elementor-section elementor-top-section elementor-element elementor-element-7fc5c36 elementor-section-boxed elementor-section-height-default elementor-section-height-default\" data-id=\"7fc5c36\" data-element_type=\"section\">\n\t\t\t\t\t\t<div class=\"elementor-container elementor-column-gap-default\">\n\t\t\t\t\t<div class=\"elementor-column elementor-col-100 elementor-top-column elementor-element elementor-element-74d4f18\" data-id=\"74d4f18\" data-element_type=\"column\">\n\t\t\t<div class=\"elementor-widget-wrap elementor-element-populated\">\n\t\t\t\t\t\t\t\t<div class=\"elementor-element elementor-element-fb037a1 elementor-widget elementor-widget-text-editor\" data-id=\"fb037a1\" data-element_type=\"widget\" data-widget_type=\"text-editor.default\">\n\t\t\t\t<div class=\"elementor-widget-container\">\n\t\t\t\t\t\t\t<p>\u017ar\u00f3d\u0142o: Fotopolska.eu<\/p>\t\t\t\t\t\t<\/div>\n\t\t\t\t<\/div>\n\t\t\t\t\t<\/div>\n\t\t<\/div>\n\t\t\t\t\t\t\t<\/div>\n\t\t<\/section>\n\t\t\t\t\t\t\t<\/div>\n\t\t","protected":false},"excerpt":{"rendered":"<p>Historia &nbsp; &nbsp; Budynek, w kt\u00f3rym obecnie mie\u015bci si\u0119 nasz Apartament ma bogat\u0105 histori\u0119. Powsta\u0142 prawdopodobnie pod koniec XIX wieku. S\u0105siednie kamienice wybudowano na prze\u0142omie 1894 i 1895 roku, z tego okresu przypuszczalnie&nbsp; pochodzi wi\u0119c te\u017c i ten obiekt. Pierwszym w\u0142a\u015bcicielem by\u0142 kupiec z Berlina &#8211; Otto Haah, kt\u00f3ry stworzy\u0142 [&hellip;]<\/p>\n","protected":false},"author":1,"featured_media":0,"parent":0,"menu_order":0,"comment_status":"closed","ping_status":"closed","template":"page-templates\/template-pagebuilder-full-width.php","meta":{"footnotes":""},"class_list":["post-22","page","type-page","status-publish","hentry"],"_links":{"self":[{"href":"https:\/\/zeromskiego17.insel-apartamenty.pl\/index.php?rest_route=\/wp\/v2\/pages\/22","targetHints":{"allow":["GET"]}}],"collection":[{"href":"https:\/\/zeromskiego17.insel-apartamenty.pl\/index.php?rest_route=\/wp\/v2\/pages"}],"about":[{"href":"https:\/\/zeromskiego17.insel-apartamenty.pl\/index.php?rest_route=\/wp\/v2\/types\/page"}],"author":[{"embeddable":true,"href":"https:\/\/zeromskiego17.insel-apartamenty.pl\/index.php?rest_route=\/wp\/v2\/users\/1"}],"replies":[{"embeddable":true,"href":"https:\/\/zeromskiego17.insel-apartamenty.pl\/index.php?rest_route=%2Fwp%2Fv2%2Fcomments&post=22"}],"version-history":[{"count":34,"href":"https:\/\/zeromskiego17.insel-apartamenty.pl\/index.php?rest_route=\/wp\/v2\/pages\/22\/revisions"}],"predecessor-version":[{"id":279,"href":"https:\/\/zeromskiego17.insel-apartamenty.pl\/index.php?rest_route=\/wp\/v2\/pages\/22\/revisions\/279"}],"wp:attachment":[{"href":"https:\/\/zeromskiego17.insel-apartamenty.pl\/index.php?rest_route=%2Fwp%2Fv2%2Fmedia&parent=22"}],"curies":[{"name":"wp","href":"https:\/\/api.w.org\/{rel}","templated":true}]}}