{"id":39,"date":"2022-06-22T10:44:10","date_gmt":"2022-06-22T08:44:10","guid":{"rendered":"http:\/\/zeromskiego17.insel-apartamenty.pl\/?page_id=39"},"modified":"2023-04-21T08:07:51","modified_gmt":"2023-04-21T06:07:51","slug":"preisliste","status":"publish","type":"page","link":"https:\/\/zeromskiego17.insel-apartamenty.pl\/?page_id=39&lang=de","title":{"rendered":"Preisliste"},"content":{"rendered":"\t\t<div data-elementor-type=\"wp-page\" data-elementor-id=\"39\" class=\"elementor elementor-39\">\n\t\t\t\t\t\t\t\t\t<section class=\"elementor-section elementor-top-section elementor-element elementor-element-2f68cc1 elementor-section-boxed elementor-section-height-default elementor-section-height-default\" data-id=\"2f68cc1\" data-element_type=\"section\">\n\t\t\t\t\t\t<div class=\"elementor-container elementor-column-gap-default\">\n\t\t\t\t\t<div class=\"elementor-column elementor-col-100 elementor-top-column elementor-element elementor-element-aa0fc4a\" data-id=\"aa0fc4a\" data-element_type=\"column\">\n\t\t\t<div class=\"elementor-widget-wrap elementor-element-populated\">\n\t\t\t\t\t\t\t\t<div class=\"elementor-element elementor-element-0b30531 elementor-widget elementor-widget-heading\" data-id=\"0b30531\" data-element_type=\"widget\" data-widget_type=\"heading.default\">\n\t\t\t\t<div class=\"elementor-widget-container\">\n\t\t\t<style>\/*! elementor - v3.6.6 - 08-06-2022 *\/\n.elementor-heading-title{padding:0;margin:0;line-height:1}.elementor-widget-heading .elementor-heading-title[class*=elementor-size-]>a{color:inherit;font-size:inherit;line-height:inherit}.elementor-widget-heading .elementor-heading-title.elementor-size-small{font-size:15px}.elementor-widget-heading .elementor-heading-title.elementor-size-medium{font-size:19px}.elementor-widget-heading .elementor-heading-title.elementor-size-large{font-size:29px}.elementor-widget-heading .elementor-heading-title.elementor-size-xl{font-size:39px}.elementor-widget-heading .elementor-heading-title.elementor-size-xxl{font-size:59px}<\/style><h2 class=\"elementor-heading-title elementor-size-default\">Preisliste<\/h2>\t\t<\/div>\n\t\t\t\t<\/div>\n\t\t\t\t\t<\/div>\n\t\t<\/div>\n\t\t\t\t\t\t\t<\/div>\n\t\t<\/section>\n\t\t\t\t<section class=\"elementor-section elementor-top-section elementor-element elementor-element-c81a02d elementor-section-boxed elementor-section-height-default elementor-section-height-default\" data-id=\"c81a02d\" data-element_type=\"section\">\n\t\t\t\t\t\t<div class=\"elementor-container elementor-column-gap-default\">\n\t\t\t\t\t<div class=\"elementor-column elementor-col-100 elementor-top-column elementor-element elementor-element-637c909\" data-id=\"637c909\" data-element_type=\"column\">\n\t\t\t<div class=\"elementor-widget-wrap elementor-element-populated\">\n\t\t\t\t\t\t\t\t<section class=\"elementor-section elementor-inner-section elementor-element elementor-element-1e48a76 elementor-section-boxed elementor-section-height-default elementor-section-height-default\" data-id=\"1e48a76\" data-element_type=\"section\">\n\t\t\t\t\t\t<div class=\"elementor-container elementor-column-gap-default\">\n\t\t\t\t\t<div class=\"elementor-column elementor-col-50 elementor-inner-column elementor-element elementor-element-48beaa6\" data-id=\"48beaa6\" data-element_type=\"column\">\n\t\t\t<div class=\"elementor-widget-wrap elementor-element-populated\">\n\t\t\t\t\t\t\t\t<div class=\"elementor-element elementor-element-f041cf2 elementor-widget elementor-widget-text-editor\" data-id=\"f041cf2\" data-element_type=\"widget\" data-widget_type=\"text-editor.default\">\n\t\t\t\t<div class=\"elementor-widget-container\">\n\t\t\t<style>\/*! elementor - v3.6.6 - 08-06-2022 *\/\n.elementor-widget-text-editor.elementor-drop-cap-view-stacked .elementor-drop-cap{background-color:#818a91;color:#fff}.elementor-widget-text-editor.elementor-drop-cap-view-framed .elementor-drop-cap{color:#818a91;border:3px solid;background-color:transparent}.elementor-widget-text-editor:not(.elementor-drop-cap-view-default) .elementor-drop-cap{margin-top:8px}.elementor-widget-text-editor:not(.elementor-drop-cap-view-default) .elementor-drop-cap-letter{width:1em;height:1em}.elementor-widget-text-editor .elementor-drop-cap{float:left;text-align:center;line-height:1;font-size:50px}.elementor-widget-text-editor .elementor-drop-cap-letter{display:inline-block}<\/style>\t\t\t\t<table xmlns=\"http:\/\/www.w3.org\/1999\/xhtml\" cellspacing=\"0\" cellpadding=\"0\" dir=\"ltr\" border=\"1\"><colgroup> <col width=\"100\" \/> <col width=\"100\" \/> <col width=\"163\" \/><\/colgroup><tbody><tr><td data-sheets-value=\"{\" 1=\"\" :2=\"\" 2=\"\" :=\"\" termin=\"\">Termin\u00a0 \u00a0 \u00a0 \u00a0 \u00a0 \u00a0 \u00a0 \u00a0 \u00a0 \u00a0<\/td><td data-sheets-value=\"{\" 1=\"\" :2=\"\" 2=\"\" :=\"\" kwota=\"\" za=\"\" dob=\"\">Betrag pro Nacht \u00a0 \u00a0 \u00a0 \u00a0 \u00a0<\/td><td data-sheets-value=\"{\" 1=\"\" :2=\"\" 2=\"\" :=\"\" minimalna=\"\" d=\"\" ugo=\"\" pobytu=\"\">minimale L\u00e4nge<br \/>bleibe<\/td><\/tr><tr><td data-sheets-value=\"{\" 1=\"\" :2=\"\" 2=\"\" :=\"\" 01=\"\" -=\"\" 30=\"\" 04=\"\">1.01 &#8211; 30.04<\/td><td data-sheets-value=\"{\" 1=\"\" :2=\"\" 2=\"\" :=\"\" 140=\"\" z=\"\" data-sheets-numberformat=\"{\" :4=\"\" 0=\"\" 3=\"\" :1=\"\">140 z\u0142*<\/td><td data-sheets-value=\"{\" 1=\"\" :2=\"\" 2=\"\" :=\"\" dni=\"\">2 dni<\/td><\/tr><tr><td data-sheets-value=\"{\" 1=\"\" :2=\"\" 2=\"\" :=\"\" 05=\"\" -=\"\" 31=\"\">1.05 &#8211; 31.05<\/td><td data-sheets-value=\"{\" 1=\"\" :2=\"\" 2=\"\" :=\"\" 270=\"\" z=\"\" data-sheets-numberformat=\"{\" :4=\"\" 0=\"\" 3=\"\" :1=\"\">270 z\u0142*<\/td><td data-sheets-value=\"{\" 1=\"\" :2=\"\" 2=\"\" :=\"\" dni=\"\">2 dni<\/td><\/tr><tr><td data-sheets-value=\"{\" 1=\"\" :2=\"\" 2=\"\" :=\"\" 06=\"\" -=\"\" 30=\"\">1.06 &#8211; 30.06<\/td><td data-sheets-value=\"{\" 1=\"\" :2=\"\" 2=\"\" :=\"\" 370=\"\" z=\"\" data-sheets-numberformat=\"{\" :4=\"\" 0=\"\" 3=\"\" :1=\"\">370 z\u0142*<\/td><td data-sheets-value=\"{\" 1=\"\" :2=\"\" 2=\"\" :=\"\" dni=\"\">2 dni<\/td><\/tr><tr><td data-sheets-value=\"{\" 1=\"\" :2=\"\" 2=\"\" :=\"\" 07=\"\" -=\"\" 31=\"\" 08=\"\">1.07 &#8211; 31.08<\/td><td data-sheets-value=\"{\" 1=\"\" :3=\"\" 3=\"\" :540=\"\" data-sheets-numberformat=\"{\" :4=\"\" 2=\"\" :=\"\" 0=\"\" z=\"\" :1=\"\">540 z\u0142<\/td><td data-sheets-value=\"{\" 1=\"\" :2=\"\" 2=\"\" :=\"\" 4=\"\" dni=\"\">4 dni<\/td><\/tr><tr><td data-sheets-value=\"{\" 1=\"\" :2=\"\" 2=\"\" :=\"\" 09=\"\" -=\"\" 30=\"\">1.09 &#8211; 30.09<\/td><td data-sheets-value=\"{\" 1=\"\" :3=\"\" 3=\"\" :370=\"\" data-sheets-numberformat=\"{\" :4=\"\" 2=\"\" :=\"\" 0=\"\" z=\"\" :1=\"\">370 z\u0142<\/td><td data-sheets-value=\"{\" 1=\"\" :2=\"\" 2=\"\" :=\"\" dni=\"\">2 dni<\/td><\/tr><tr><td data-sheets-value=\"{\" 1=\"\" :2=\"\" 2=\"\" :=\"\" 10=\"\" -=\"\" 31=\"\">1.10 &#8211; 31.10<\/td><td data-sheets-value=\"{\" 1=\"\" :3=\"\" 3=\"\" :270=\"\" data-sheets-numberformat=\"{\" :4=\"\" 2=\"\" :=\"\" 0=\"\" z=\"\" :1=\"\">270 z\u0142<\/td><td data-sheets-value=\"{\" 1=\"\" :2=\"\" 2=\"\" :=\"\" dni=\"\">2 dni<\/td><\/tr><tr><td data-sheets-value=\"{\" 1=\"\" :2=\"\" 2=\"\" :=\"\" 11=\"\" -=\"\" 31=\"\" 12=\"\">1.11 &#8211; 31.12<\/td><td data-sheets-value=\"{\" 1=\"\" :2=\"\" 2=\"\" :=\"\" 140=\"\" z=\"\" data-sheets-numberformat=\"{\" :4=\"\" 0=\"\" 3=\"\" :1=\"\">140 z\u0142*<\/td><td data-sheets-value=\"{\" 1=\"\" :2=\"\" 2=\"\" :=\"\" dni=\"\">2 dni<\/td><\/tr><\/tbody><\/table>\t\t\t\t\t\t<\/div>\n\t\t\t\t<\/div>\n\t\t\t\t\t<\/div>\n\t\t<\/div>\n\t\t\t\t<div class=\"elementor-column elementor-col-50 elementor-inner-column elementor-element elementor-element-0e6aeab\" data-id=\"0e6aeab\" data-element_type=\"column\">\n\t\t\t<div class=\"elementor-widget-wrap elementor-element-populated\">\n\t\t\t\t\t\t\t\t<div class=\"elementor-element elementor-element-63d691e elementor-widget elementor-widget-text-editor\" data-id=\"63d691e\" data-element_type=\"widget\" data-widget_type=\"text-editor.default\">\n\t\t\t\t<div class=\"elementor-widget-container\">\n\t\t\t\t\t\t\t<p>Bei jedem Aufenthalt f\u00e4llt eine einmalige Reinigungsgeb\u00fchr in H\u00f6he von PLN 230 an.<\/p>\n<p>Zu jedem Aufenthalt ist eine Resortgeb\u00fchr von 5,40 PLN pro Person f\u00fcr jeden angefangenen Aufenthaltstag hinzuzurechnen.<\/p>\n<p>Preise inkl. MwSt. (8%)<\/p>\n<p>Es ist m\u00f6glich, eine Rechnung mit ausgewiesener Mehrwertsteuer auszustellen<\/p>\t\t\t\t\t\t<\/div>\n\t\t\t\t<\/div>\n\t\t\t\t\t<\/div>\n\t\t<\/div>\n\t\t\t\t\t\t\t<\/div>\n\t\t<\/section>\n\t\t\t\t\t<\/div>\n\t\t<\/div>\n\t\t\t\t\t\t\t<\/div>\n\t\t<\/section>\n\t\t\t\t<section class=\"elementor-section elementor-top-section elementor-element elementor-element-05a1377 elementor-section-boxed elementor-section-height-default elementor-section-height-default\" data-id=\"05a1377\" data-element_type=\"section\">\n\t\t\t\t\t\t<div class=\"elementor-container elementor-column-gap-default\">\n\t\t\t\t\t<div class=\"elementor-column elementor-col-100 elementor-top-column elementor-element elementor-element-d33931c\" data-id=\"d33931c\" data-element_type=\"column\">\n\t\t\t<div class=\"elementor-widget-wrap elementor-element-populated\">\n\t\t\t\t\t\t\t\t<div class=\"elementor-element elementor-element-5cdd191 elementor-widget elementor-widget-text-editor\" data-id=\"5cdd191\" data-element_type=\"widget\" data-widget_type=\"text-editor.default\">\n\t\t\t\t<div class=\"elementor-widget-container\">\n\t\t\t\t\t\t\t<p style=\"font-size: 14px; font-family: Marcellus, sans-serif;\">* gilt nicht f\u00fcr ausgew\u00e4hlte Termine:<br \/>Weihnachten, Neujahr, Ostern, Maiwochenende, Fronleichnam.<\/p>\t\t\t\t\t\t<\/div>\n\t\t\t\t<\/div>\n\t\t\t\t\t<\/div>\n\t\t<\/div>\n\t\t\t\t\t\t\t<\/div>\n\t\t<\/section>\n\t\t\t\t\t\t\t<\/div>\n\t\t","protected":false},"excerpt":{"rendered":"<p>Preisliste Termin\u00a0 \u00a0 \u00a0 \u00a0 \u00a0 \u00a0 \u00a0 \u00a0 \u00a0 \u00a0 Betrag pro Nacht \u00a0 \u00a0 \u00a0 \u00a0 \u00a0 minimale L\u00e4ngebleibe 1.01 &#8211; 30.04 140 z\u0142* 2 dni 1.05 &#8211; 31.05 270 z\u0142* 2 dni 1.06 &#8211; 30.06 370 z\u0142* 2 dni 1.07 &#8211; 31.08 540 z\u0142 4 dni 1.09 [&hellip;]<\/p>\n","protected":false},"author":1,"featured_media":0,"parent":0,"menu_order":0,"comment_status":"closed","ping_status":"closed","template":"page-templates\/template-pagebuilder-full-width.php","meta":{"footnotes":""},"class_list":["post-39","page","type-page","status-publish","hentry"],"_links":{"self":[{"href":"https:\/\/zeromskiego17.insel-apartamenty.pl\/index.php?rest_route=\/wp\/v2\/pages\/39","targetHints":{"allow":["GET"]}}],"collection":[{"href":"https:\/\/zeromskiego17.insel-apartamenty.pl\/index.php?rest_route=\/wp\/v2\/pages"}],"about":[{"href":"https:\/\/zeromskiego17.insel-apartamenty.pl\/index.php?rest_route=\/wp\/v2\/types\/page"}],"author":[{"embeddable":true,"href":"https:\/\/zeromskiego17.insel-apartamenty.pl\/index.php?rest_route=\/wp\/v2\/users\/1"}],"replies":[{"embeddable":true,"href":"https:\/\/zeromskiego17.insel-apartamenty.pl\/index.php?rest_route=%2Fwp%2Fv2%2Fcomments&post=39"}],"version-history":[{"count":10,"href":"https:\/\/zeromskiego17.insel-apartamenty.pl\/index.php?rest_route=\/wp\/v2\/pages\/39\/revisions"}],"predecessor-version":[{"id":480,"href":"https:\/\/zeromskiego17.insel-apartamenty.pl\/index.php?rest_route=\/wp\/v2\/pages\/39\/revisions\/480"}],"wp:attachment":[{"href":"https:\/\/zeromskiego17.insel-apartamenty.pl\/index.php?rest_route=%2Fwp%2Fv2%2Fmedia&parent=39"}],"curies":[{"name":"wp","href":"https:\/\/api.w.org\/{rel}","templated":true}]}}