{"id":42,"date":"2022-06-22T10:44:39","date_gmt":"2022-06-22T08:44:39","guid":{"rendered":"http:\/\/zeromskiego17.insel-apartamenty.pl\/?page_id=42"},"modified":"2022-06-25T09:40:56","modified_gmt":"2022-06-25T07:40:56","slug":"uber-uns","status":"publish","type":"page","link":"https:\/\/zeromskiego17.insel-apartamenty.pl\/?page_id=42&lang=de","title":{"rendered":"\u017beromskiego 17\/11 Wohnung"},"content":{"rendered":"\t\t<div data-elementor-type=\"wp-page\" data-elementor-id=\"42\" class=\"elementor elementor-42\">\n\t\t\t\t\t\t\t\t\t<section class=\"elementor-section elementor-top-section elementor-element elementor-element-e57849e elementor-section-boxed elementor-section-height-default elementor-section-height-default\" data-id=\"e57849e\" data-element_type=\"section\">\n\t\t\t\t\t\t<div class=\"elementor-container elementor-column-gap-default\">\n\t\t\t\t\t<div class=\"elementor-column elementor-col-100 elementor-top-column elementor-element elementor-element-ba70b4c\" data-id=\"ba70b4c\" data-element_type=\"column\">\n\t\t\t<div class=\"elementor-widget-wrap elementor-element-populated\">\n\t\t\t\t\t\t\t\t<div class=\"elementor-element elementor-element-a8b43fe elementor-widget elementor-widget-heading\" data-id=\"a8b43fe\" data-element_type=\"widget\" data-widget_type=\"heading.default\">\n\t\t\t\t<div class=\"elementor-widget-container\">\n\t\t\t<style>\/*! elementor - v3.6.6 - 08-06-2022 *\/\n.elementor-heading-title{padding:0;margin:0;line-height:1}.elementor-widget-heading .elementor-heading-title[class*=elementor-size-]>a{color:inherit;font-size:inherit;line-height:inherit}.elementor-widget-heading .elementor-heading-title.elementor-size-small{font-size:15px}.elementor-widget-heading .elementor-heading-title.elementor-size-medium{font-size:19px}.elementor-widget-heading .elementor-heading-title.elementor-size-large{font-size:29px}.elementor-widget-heading .elementor-heading-title.elementor-size-xl{font-size:39px}.elementor-widget-heading .elementor-heading-title.elementor-size-xxl{font-size:59px}<\/style><h2 class=\"elementor-heading-title elementor-size-default\"><br>\u017beromskiego 17\/11 Whonung<br>   <\/h2>\t\t<\/div>\n\t\t\t\t<\/div>\n\t\t\t\t\t<\/div>\n\t\t<\/div>\n\t\t\t\t\t\t\t<\/div>\n\t\t<\/section>\n\t\t\t\t<section class=\"elementor-section elementor-top-section elementor-element elementor-element-3998b06 elementor-section-boxed elementor-section-height-default elementor-section-height-default\" data-id=\"3998b06\" data-element_type=\"section\">\n\t\t\t\t\t\t<div class=\"elementor-container elementor-column-gap-default\">\n\t\t\t\t\t<div class=\"elementor-column elementor-col-50 elementor-top-column elementor-element elementor-element-4c15577\" data-id=\"4c15577\" data-element_type=\"column\">\n\t\t\t<div class=\"elementor-widget-wrap elementor-element-populated\">\n\t\t\t\t\t\t\t\t<div class=\"elementor-element elementor-element-9c53c3a elementor-widget elementor-widget-text-editor\" data-id=\"9c53c3a\" data-element_type=\"widget\" data-widget_type=\"text-editor.default\">\n\t\t\t\t<div class=\"elementor-widget-container\">\n\t\t\t<style>\/*! elementor - v3.6.6 - 08-06-2022 *\/\n.elementor-widget-text-editor.elementor-drop-cap-view-stacked .elementor-drop-cap{background-color:#818a91;color:#fff}.elementor-widget-text-editor.elementor-drop-cap-view-framed .elementor-drop-cap{color:#818a91;border:3px solid;background-color:transparent}.elementor-widget-text-editor:not(.elementor-drop-cap-view-default) .elementor-drop-cap{margin-top:8px}.elementor-widget-text-editor:not(.elementor-drop-cap-view-default) .elementor-drop-cap-letter{width:1em;height:1em}.elementor-widget-text-editor .elementor-drop-cap{float:left;text-align:center;line-height:1;font-size:50px}.elementor-widget-text-editor .elementor-drop-cap-letter{display:inline-block}<\/style>\t\t\t\t<p><b>\u00dcber uns<\/b><\/p><p><\/p><p><span style=\"font-weight: 400;\">Die Wohnung befindet sich in Swinem\u00fcnde an der Ul. \u017beromskiego 17, direkt neben der historischen Promenade, nur 100 Meter vom sch\u00f6nen und breiten Strand entfernt. Das Geb\u00e4ude, in dem sich die Wohnung befindet, ist ein Mietshaus aus der Vorkriegszeit, das 2020 einer umfassenden Renovierung unterzogen wurde und sich nun als Mehrfamilienhaus mit hohem Standard und historischem Charakter pr\u00e4sentiert. Die Lage bedeutet, dass Sie in wenigen Augenblicken an einer der Promenaden in \u015awinouj\u015bcie oder am breitesten Strand Polens sein k\u00f6nnen. Das Geb\u00e4ude ist mit einem Aufzug ausgestattet und die G\u00e4ste haben Zugang zu einer Sauna und einem Fitnessstudio. Der n\u00e4chste bewachte Parkplatz befindet sich auf der anderen Stra\u00dfenseite.<\/span><\/p><p><span style=\"font-weight: 400;\">Die Wohnung befindet sich im ersten Stock und ist v\u00f6llig unabh\u00e4ngig. Auf 24 qm befindet sich eine K\u00fcchenzeile, ein bequemes kontinentales Doppelbett, ein Esstisch mit Sitzgelegenheit, TV, ein ger\u00e4umiger Kleiderschrank und ein Badezimmer mit Dusche.Das Apartment ist mit einer Klimaanlage ausgestattet.<\/span><\/p><p><\/p><p><b>Die Wohnung bietet den G\u00e4sten:<\/b><\/p><ul><li style=\"font-weight: 400;\" aria-level=\"1\"><span style=\"font-weight: 400;\">voll ausgestattete K\u00fcchenzeile<\/span><\/li><li style=\"font-weight: 400;\" aria-level=\"1\"><span style=\"font-weight: 400;\">Badezimmer mit Toilette und Dusche<\/span><\/li><li style=\"font-weight: 400;\" aria-level=\"1\"><span style=\"font-weight: 400;\">Haartrockner<\/span><\/li><li style=\"font-weight: 400;\" aria-level=\"1\"><span style=\"font-weight: 400;\">Leinen<\/span><\/li><li style=\"font-weight: 400;\" aria-level=\"1\"><span style=\"font-weight: 400;\">Handt\u00fccher<\/span><\/li><li style=\"font-weight: 400;\" aria-level=\"1\"><span style=\"font-weight: 400;\">Staubsauger, Wischmopp<\/span><\/li><li style=\"font-weight: 400;\" aria-level=\"1\"><span style=\"font-weight: 400;\">K\u00fchlschrank<\/span><\/li><li style=\"font-weight: 400;\" aria-level=\"1\"><span style=\"font-weight: 400;\">Geschirrsp\u00fclmaschine<\/span><\/li><li style=\"font-weight: 400;\" aria-level=\"1\"><span style=\"font-weight: 400;\">B\u00fcgeleisen, B\u00fcgelbrett<\/span><\/li><li style=\"font-weight: 400;\" aria-level=\"1\"><span style=\"font-weight: 400;\">W\u00e4schetrockner<\/span><\/li><\/ul>\t\t\t\t\t\t<\/div>\n\t\t\t\t<\/div>\n\t\t\t\t\t<\/div>\n\t\t<\/div>\n\t\t\t\t<div class=\"elementor-column elementor-col-50 elementor-top-column elementor-element elementor-element-1231dcc\" data-id=\"1231dcc\" data-element_type=\"column\">\n\t\t\t<div class=\"elementor-widget-wrap elementor-element-populated\">\n\t\t\t\t\t\t\t\t<div class=\"elementor-element elementor-element-360604e elementor-widget elementor-widget-image\" data-id=\"360604e\" data-element_type=\"widget\" data-widget_type=\"image.default\">\n\t\t\t\t<div class=\"elementor-widget-container\">\n\t\t\t<style>\/*! elementor - v3.6.6 - 08-06-2022 *\/\n.elementor-widget-image{text-align:center}.elementor-widget-image a{display:inline-block}.elementor-widget-image a img[src$=\".svg\"]{width:48px}.elementor-widget-image img{vertical-align:middle;display:inline-block}<\/style>\t\t\t\t\t\t\t\t\t\t\t\t<img loading=\"lazy\" decoding=\"async\" width=\"682\" height=\"1024\" src=\"https:\/\/zeromskiego17.insel-apartamenty.pl\/wp-content\/uploads\/2022\/06\/IMG_5130-Large-2-682x1024.jpeg\" class=\"attachment-large size-large\" alt=\"\" srcset=\"https:\/\/zeromskiego17.insel-apartamenty.pl\/wp-content\/uploads\/2022\/06\/IMG_5130-Large-2-682x1024.jpeg 682w, https:\/\/zeromskiego17.insel-apartamenty.pl\/wp-content\/uploads\/2022\/06\/IMG_5130-Large-2-200x300.jpeg 200w, https:\/\/zeromskiego17.insel-apartamenty.pl\/wp-content\/uploads\/2022\/06\/IMG_5130-Large-2-768x1152.jpeg 768w, https:\/\/zeromskiego17.insel-apartamenty.pl\/wp-content\/uploads\/2022\/06\/IMG_5130-Large-2.jpeg 853w\" sizes=\"auto, (max-width: 682px) 100vw, 682px\" \/>\t\t\t\t\t\t\t\t\t\t\t\t\t\t\t<\/div>\n\t\t\t\t<\/div>\n\t\t\t\t\t<\/div>\n\t\t<\/div>\n\t\t\t\t\t\t\t<\/div>\n\t\t<\/section>\n\t\t\t\t\t\t\t<\/div>\n\t\t","protected":false},"excerpt":{"rendered":"<p>\u017beromskiego 17\/11 Whonung \u00dcber uns Die Wohnung befindet sich in Swinem\u00fcnde an der Ul. \u017beromskiego 17, direkt neben der historischen Promenade, nur 100 Meter vom sch\u00f6nen und breiten Strand entfernt. Das Geb\u00e4ude, in dem sich die Wohnung befindet, ist ein Mietshaus aus der Vorkriegszeit, das 2020 einer umfassenden Renovierung unterzogen [&hellip;]<\/p>\n","protected":false},"author":1,"featured_media":0,"parent":0,"menu_order":0,"comment_status":"closed","ping_status":"closed","template":"page-templates\/template-pagebuilder-full-width.php","meta":{"footnotes":""},"class_list":["post-42","page","type-page","status-publish","hentry"],"_links":{"self":[{"href":"https:\/\/zeromskiego17.insel-apartamenty.pl\/index.php?rest_route=\/wp\/v2\/pages\/42","targetHints":{"allow":["GET"]}}],"collection":[{"href":"https:\/\/zeromskiego17.insel-apartamenty.pl\/index.php?rest_route=\/wp\/v2\/pages"}],"about":[{"href":"https:\/\/zeromskiego17.insel-apartamenty.pl\/index.php?rest_route=\/wp\/v2\/types\/page"}],"author":[{"embeddable":true,"href":"https:\/\/zeromskiego17.insel-apartamenty.pl\/index.php?rest_route=\/wp\/v2\/users\/1"}],"replies":[{"embeddable":true,"href":"https:\/\/zeromskiego17.insel-apartamenty.pl\/index.php?rest_route=%2Fwp%2Fv2%2Fcomments&post=42"}],"version-history":[{"count":12,"href":"https:\/\/zeromskiego17.insel-apartamenty.pl\/index.php?rest_route=\/wp\/v2\/pages\/42\/revisions"}],"predecessor-version":[{"id":445,"href":"https:\/\/zeromskiego17.insel-apartamenty.pl\/index.php?rest_route=\/wp\/v2\/pages\/42\/revisions\/445"}],"wp:attachment":[{"href":"https:\/\/zeromskiego17.insel-apartamenty.pl\/index.php?rest_route=%2Fwp%2Fv2%2Fmedia&parent=42"}],"curies":[{"name":"wp","href":"https:\/\/api.w.org\/{rel}","templated":true}]}}