{"id":46,"date":"2022-06-22T10:45:53","date_gmt":"2022-06-22T08:45:53","guid":{"rendered":"http:\/\/zeromskiego17.insel-apartamenty.pl\/?page_id=46"},"modified":"2022-06-25T09:51:29","modified_gmt":"2022-06-25T07:51:29","slug":"geschichte","status":"publish","type":"page","link":"https:\/\/zeromskiego17.insel-apartamenty.pl\/?page_id=46&lang=de","title":{"rendered":"Geschichte"},"content":{"rendered":"\t\t<div data-elementor-type=\"wp-page\" data-elementor-id=\"46\" class=\"elementor elementor-46\">\n\t\t\t\t\t\t\t\t\t<section class=\"elementor-section elementor-top-section elementor-element elementor-element-d584020 elementor-section-boxed elementor-section-height-default elementor-section-height-default\" data-id=\"d584020\" data-element_type=\"section\">\n\t\t\t\t\t\t<div class=\"elementor-container elementor-column-gap-default\">\n\t\t\t\t\t<div class=\"elementor-column elementor-col-100 elementor-top-column elementor-element elementor-element-c989273\" data-id=\"c989273\" data-element_type=\"column\">\n\t\t\t<div class=\"elementor-widget-wrap elementor-element-populated\">\n\t\t\t\t\t\t\t\t<div class=\"elementor-element elementor-element-9e83295 elementor-widget elementor-widget-heading\" data-id=\"9e83295\" data-element_type=\"widget\" data-widget_type=\"heading.default\">\n\t\t\t\t<div class=\"elementor-widget-container\">\n\t\t\t<style>\/*! elementor - v3.6.6 - 08-06-2022 *\/\n.elementor-heading-title{padding:0;margin:0;line-height:1}.elementor-widget-heading .elementor-heading-title[class*=elementor-size-]>a{color:inherit;font-size:inherit;line-height:inherit}.elementor-widget-heading .elementor-heading-title.elementor-size-small{font-size:15px}.elementor-widget-heading .elementor-heading-title.elementor-size-medium{font-size:19px}.elementor-widget-heading .elementor-heading-title.elementor-size-large{font-size:29px}.elementor-widget-heading .elementor-heading-title.elementor-size-xl{font-size:39px}.elementor-widget-heading .elementor-heading-title.elementor-size-xxl{font-size:59px}<\/style><h2 class=\"elementor-heading-title elementor-size-default\"><br>Geschichte<br>   <\/h2>\t\t<\/div>\n\t\t\t\t<\/div>\n\t\t\t\t\t<\/div>\n\t\t<\/div>\n\t\t\t\t\t\t\t<\/div>\n\t\t<\/section>\n\t\t\t\t<section class=\"elementor-section elementor-top-section elementor-element elementor-element-64d2238 elementor-section-boxed elementor-section-height-default elementor-section-height-default\" data-id=\"64d2238\" data-element_type=\"section\">\n\t\t\t\t\t\t<div class=\"elementor-container elementor-column-gap-default\">\n\t\t\t\t\t<div class=\"elementor-column elementor-col-33 elementor-top-column elementor-element elementor-element-21e7bb2\" data-id=\"21e7bb2\" data-element_type=\"column\">\n\t\t\t<div class=\"elementor-widget-wrap elementor-element-populated\">\n\t\t\t\t\t\t\t\t<div class=\"elementor-element elementor-element-bbf93d3 elementor-widget elementor-widget-image-gallery\" data-id=\"bbf93d3\" data-element_type=\"widget\" data-widget_type=\"image-gallery.default\">\n\t\t\t\t<div class=\"elementor-widget-container\">\n\t\t\t<style>\/*! elementor - v3.6.6 - 08-06-2022 *\/\n.elementor-image-gallery .gallery-item{display:inline-block;text-align:center;vertical-align:top;width:100%;max-width:100%;margin:0 auto}.elementor-image-gallery .gallery-item img{margin:0 auto}.elementor-image-gallery .gallery-item .gallery-caption{margin:0}.elementor-image-gallery figure img{display:block}.elementor-image-gallery figure figcaption{width:100%}.gallery-spacing-custom .elementor-image-gallery .gallery-icon{padding:0}@media (min-width:768px){.elementor-image-gallery .gallery-columns-2 .gallery-item{max-width:50%}.elementor-image-gallery .gallery-columns-3 .gallery-item{max-width:33.33%}.elementor-image-gallery .gallery-columns-4 .gallery-item{max-width:25%}.elementor-image-gallery .gallery-columns-5 .gallery-item{max-width:20%}.elementor-image-gallery .gallery-columns-6 .gallery-item{max-width:16.666%}.elementor-image-gallery .gallery-columns-7 .gallery-item{max-width:14.28%}.elementor-image-gallery .gallery-columns-8 .gallery-item{max-width:12.5%}.elementor-image-gallery .gallery-columns-9 .gallery-item{max-width:11.11%}.elementor-image-gallery .gallery-columns-10 .gallery-item{max-width:10%}}@media (min-width:480px) and (max-width:767px){.elementor-image-gallery .gallery.gallery-columns-2 .gallery-item,.elementor-image-gallery .gallery.gallery-columns-3 .gallery-item,.elementor-image-gallery .gallery.gallery-columns-4 .gallery-item,.elementor-image-gallery .gallery.gallery-columns-5 .gallery-item,.elementor-image-gallery .gallery.gallery-columns-6 .gallery-item,.elementor-image-gallery .gallery.gallery-columns-7 .gallery-item,.elementor-image-gallery .gallery.gallery-columns-8 .gallery-item,.elementor-image-gallery .gallery.gallery-columns-9 .gallery-item,.elementor-image-gallery .gallery.gallery-columns-10 .gallery-item{max-width:50%}}@media (max-width:479px){.elementor-image-gallery .gallery.gallery-columns-2 .gallery-item,.elementor-image-gallery .gallery.gallery-columns-3 .gallery-item,.elementor-image-gallery .gallery.gallery-columns-4 .gallery-item,.elementor-image-gallery .gallery.gallery-columns-5 .gallery-item,.elementor-image-gallery .gallery.gallery-columns-6 .gallery-item,.elementor-image-gallery .gallery.gallery-columns-7 .gallery-item,.elementor-image-gallery .gallery.gallery-columns-8 .gallery-item,.elementor-image-gallery .gallery.gallery-columns-9 .gallery-item,.elementor-image-gallery .gallery.gallery-columns-10 .gallery-item{max-width:100%}}<\/style>\t\t<div class=\"elementor-image-gallery\">\n\t\t\t\n\t\t<style type=\"text\/css\">\n\t\t\t#gallery-1 {\n\t\t\t\tmargin: auto;\n\t\t\t}\n\t\t\t#gallery-1 .gallery-item {\n\t\t\t\tfloat: left;\n\t\t\t\tmargin-top: 10px;\n\t\t\t\ttext-align: center;\n\t\t\t\twidth: 100%;\n\t\t\t}\n\t\t\t#gallery-1 img {\n\t\t\t\tborder: 2px solid #cfcfcf;\n\t\t\t}\n\t\t\t#gallery-1 .gallery-caption {\n\t\t\t\tmargin-left: 0;\n\t\t\t}\n\t\t\t\/* see gallery_shortcode() in wp-includes\/media.php *\/\n\t\t<\/style>\n\t\t<div id='gallery-1' class='gallery galleryid-46 gallery-columns-1 gallery-size-1536x1536'><dl class='gallery-item'>\n\t\t\t<dt class='gallery-icon landscape'>\n\t\t\t\t<a data-elementor-open-lightbox=\"yes\" data-elementor-lightbox-slideshow=\"bbf93d3\" data-elementor-lightbox-title=\"20db137680e16ce27a917417db98206b\" e-action-hash=\"#elementor-action%3Aaction%3Dlightbox%26settings%3DeyJpZCI6MzMzLCJ1cmwiOiJodHRwczpcL1wvemVyb21za2llZ28xNy5pbnNlbC1hcGFydGFtZW50eS5wbFwvd3AtY29udGVudFwvdXBsb2Fkc1wvMjAyMlwvMDZcLzIwZGIxMzc2ODBlMTZjZTI3YTkxNzQxN2RiOTgyMDZiLTQuanBlZyIsInNsaWRlc2hvdyI6ImJiZjkzZDMifQ%3D%3D\" href='https:\/\/zeromskiego17.insel-apartamenty.pl\/wp-content\/uploads\/2022\/06\/20db137680e16ce27a917417db98206b-4.jpeg'><img loading=\"lazy\" decoding=\"async\" width=\"235\" height=\"161\" src=\"https:\/\/zeromskiego17.insel-apartamenty.pl\/wp-content\/uploads\/2022\/06\/20db137680e16ce27a917417db98206b-4.jpeg\" class=\"attachment-1536x1536 size-1536x1536\" alt=\"\" \/><\/a>\n\t\t\t<\/dt><\/dl><br style=\"clear: both\" \/><dl class='gallery-item'>\n\t\t\t<dt class='gallery-icon landscape'>\n\t\t\t\t<a data-elementor-open-lightbox=\"yes\" data-elementor-lightbox-slideshow=\"bbf93d3\" data-elementor-lightbox-title=\"59b1229447ba8_p\" e-action-hash=\"#elementor-action%3Aaction%3Dlightbox%26settings%3DeyJpZCI6MzM0LCJ1cmwiOiJodHRwczpcL1wvemVyb21za2llZ28xNy5pbnNlbC1hcGFydGFtZW50eS5wbFwvd3AtY29udGVudFwvdXBsb2Fkc1wvMjAyMlwvMDZcLzU5YjEyMjk0NDdiYThfcC00LmpwZWciLCJzbGlkZXNob3ciOiJiYmY5M2QzIn0%3D\" href='https:\/\/zeromskiego17.insel-apartamenty.pl\/wp-content\/uploads\/2022\/06\/59b1229447ba8_p-4.jpeg'><img loading=\"lazy\" decoding=\"async\" width=\"780\" height=\"447\" src=\"https:\/\/zeromskiego17.insel-apartamenty.pl\/wp-content\/uploads\/2022\/06\/59b1229447ba8_p-4.jpeg\" class=\"attachment-1536x1536 size-1536x1536\" alt=\"\" srcset=\"https:\/\/zeromskiego17.insel-apartamenty.pl\/wp-content\/uploads\/2022\/06\/59b1229447ba8_p-4.jpeg 780w, https:\/\/zeromskiego17.insel-apartamenty.pl\/wp-content\/uploads\/2022\/06\/59b1229447ba8_p-4-300x172.jpeg 300w, https:\/\/zeromskiego17.insel-apartamenty.pl\/wp-content\/uploads\/2022\/06\/59b1229447ba8_p-4-768x440.jpeg 768w\" sizes=\"auto, (max-width: 780px) 100vw, 780px\" \/><\/a>\n\t\t\t<\/dt><\/dl><br style=\"clear: both\" \/><dl class='gallery-item'>\n\t\t\t<dt class='gallery-icon landscape'>\n\t\t\t\t<a data-elementor-open-lightbox=\"yes\" data-elementor-lightbox-slideshow=\"bbf93d3\" data-elementor-lightbox-title=\"1952487\" e-action-hash=\"#elementor-action%3Aaction%3Dlightbox%26settings%3DeyJpZCI6MzM1LCJ1cmwiOiJodHRwczpcL1wvemVyb21za2llZ28xNy5pbnNlbC1hcGFydGFtZW50eS5wbFwvd3AtY29udGVudFwvdXBsb2Fkc1wvMjAyMlwvMDZcLzE5NTI0ODctNC5qcGVnIiwic2xpZGVzaG93IjoiYmJmOTNkMyJ9\" href='https:\/\/zeromskiego17.insel-apartamenty.pl\/wp-content\/uploads\/2022\/06\/1952487-4.jpeg'><img loading=\"lazy\" decoding=\"async\" width=\"1536\" height=\"924\" src=\"https:\/\/zeromskiego17.insel-apartamenty.pl\/wp-content\/uploads\/2022\/06\/1952487-4-1536x924.jpeg\" class=\"attachment-1536x1536 size-1536x1536\" alt=\"\" srcset=\"https:\/\/zeromskiego17.insel-apartamenty.pl\/wp-content\/uploads\/2022\/06\/1952487-4-1536x924.jpeg 1536w, https:\/\/zeromskiego17.insel-apartamenty.pl\/wp-content\/uploads\/2022\/06\/1952487-4-300x180.jpeg 300w, https:\/\/zeromskiego17.insel-apartamenty.pl\/wp-content\/uploads\/2022\/06\/1952487-4-1024x616.jpeg 1024w, https:\/\/zeromskiego17.insel-apartamenty.pl\/wp-content\/uploads\/2022\/06\/1952487-4-768x462.jpeg 768w, https:\/\/zeromskiego17.insel-apartamenty.pl\/wp-content\/uploads\/2022\/06\/1952487-4.jpeg 1900w\" sizes=\"auto, (max-width: 1536px) 100vw, 1536px\" \/><\/a>\n\t\t\t<\/dt><\/dl><br style=\"clear: both\" \/><dl class='gallery-item'>\n\t\t\t<dt class='gallery-icon portrait'>\n\t\t\t\t<a data-elementor-open-lightbox=\"yes\" data-elementor-lightbox-slideshow=\"bbf93d3\" data-elementor-lightbox-title=\"Zeromskiego_17_1937206_Fotopolska-Eu\" e-action-hash=\"#elementor-action%3Aaction%3Dlightbox%26settings%3DeyJpZCI6MzM2LCJ1cmwiOiJodHRwczpcL1wvemVyb21za2llZ28xNy5pbnNlbC1hcGFydGFtZW50eS5wbFwvd3AtY29udGVudFwvdXBsb2Fkc1wvMjAyMlwvMDZcL1plcm9tc2tpZWdvXzE3XzE5MzcyMDZfRm90b3BvbHNrYS1FdS00LmpwZyIsInNsaWRlc2hvdyI6ImJiZjkzZDMifQ%3D%3D\" href='https:\/\/zeromskiego17.insel-apartamenty.pl\/wp-content\/uploads\/2022\/06\/Zeromskiego_17_1937206_Fotopolska-Eu-4.jpg'><img loading=\"lazy\" decoding=\"async\" width=\"1493\" height=\"1536\" src=\"https:\/\/zeromskiego17.insel-apartamenty.pl\/wp-content\/uploads\/2022\/06\/Zeromskiego_17_1937206_Fotopolska-Eu-4-1493x1536.jpg\" class=\"attachment-1536x1536 size-1536x1536\" alt=\"\" srcset=\"https:\/\/zeromskiego17.insel-apartamenty.pl\/wp-content\/uploads\/2022\/06\/Zeromskiego_17_1937206_Fotopolska-Eu-4-1493x1536.jpg 1493w, https:\/\/zeromskiego17.insel-apartamenty.pl\/wp-content\/uploads\/2022\/06\/Zeromskiego_17_1937206_Fotopolska-Eu-4-292x300.jpg 292w, https:\/\/zeromskiego17.insel-apartamenty.pl\/wp-content\/uploads\/2022\/06\/Zeromskiego_17_1937206_Fotopolska-Eu-4-995x1024.jpg 995w, https:\/\/zeromskiego17.insel-apartamenty.pl\/wp-content\/uploads\/2022\/06\/Zeromskiego_17_1937206_Fotopolska-Eu-4-768x790.jpg 768w, https:\/\/zeromskiego17.insel-apartamenty.pl\/wp-content\/uploads\/2022\/06\/Zeromskiego_17_1937206_Fotopolska-Eu-4.jpg 1944w\" sizes=\"auto, (max-width: 1493px) 100vw, 1493px\" \/><\/a>\n\t\t\t<\/dt><\/dl><br style=\"clear: both\" \/><dl class='gallery-item'>\n\t\t\t<dt class='gallery-icon landscape'>\n\t\t\t\t<a data-elementor-open-lightbox=\"yes\" data-elementor-lightbox-slideshow=\"bbf93d3\" data-elementor-lightbox-title=\"Zrzut-ekranu-2017-09-29-o-10.52.34\" e-action-hash=\"#elementor-action%3Aaction%3Dlightbox%26settings%3DeyJpZCI6MzM3LCJ1cmwiOiJodHRwczpcL1wvemVyb21za2llZ28xNy5pbnNlbC1hcGFydGFtZW50eS5wbFwvd3AtY29udGVudFwvdXBsb2Fkc1wvMjAyMlwvMDZcL1pyenV0LWVrcmFudS0yMDE3LTA5LTI5LW8tMTAuNTIuMzQtNC5wbmciLCJzbGlkZXNob3ciOiJiYmY5M2QzIn0%3D\" href='https:\/\/zeromskiego17.insel-apartamenty.pl\/wp-content\/uploads\/2022\/06\/Zrzut-ekranu-2017-09-29-o-10.52.34-4.png'><img loading=\"lazy\" decoding=\"async\" width=\"1160\" height=\"1068\" src=\"https:\/\/zeromskiego17.insel-apartamenty.pl\/wp-content\/uploads\/2022\/06\/Zrzut-ekranu-2017-09-29-o-10.52.34-4.png\" class=\"attachment-1536x1536 size-1536x1536\" alt=\"\" srcset=\"https:\/\/zeromskiego17.insel-apartamenty.pl\/wp-content\/uploads\/2022\/06\/Zrzut-ekranu-2017-09-29-o-10.52.34-4.png 1160w, https:\/\/zeromskiego17.insel-apartamenty.pl\/wp-content\/uploads\/2022\/06\/Zrzut-ekranu-2017-09-29-o-10.52.34-4-300x276.png 300w, https:\/\/zeromskiego17.insel-apartamenty.pl\/wp-content\/uploads\/2022\/06\/Zrzut-ekranu-2017-09-29-o-10.52.34-4-1024x943.png 1024w, https:\/\/zeromskiego17.insel-apartamenty.pl\/wp-content\/uploads\/2022\/06\/Zrzut-ekranu-2017-09-29-o-10.52.34-4-768x707.png 768w\" sizes=\"auto, (max-width: 1160px) 100vw, 1160px\" \/><\/a>\n\t\t\t<\/dt><\/dl><br style=\"clear: both\" \/>\n\t\t<\/div>\n\t\t<\/div>\n\t\t\t\t<\/div>\n\t\t\t\t<\/div>\n\t\t\t\t\t<\/div>\n\t\t<\/div>\n\t\t\t\t<div class=\"elementor-column elementor-col-66 elementor-top-column elementor-element elementor-element-4c60561\" data-id=\"4c60561\" data-element_type=\"column\">\n\t\t\t<div class=\"elementor-widget-wrap elementor-element-populated\">\n\t\t\t\t\t\t\t\t<div class=\"elementor-element elementor-element-5ac5f7a elementor-widget elementor-widget-text-editor\" data-id=\"5ac5f7a\" data-element_type=\"widget\" data-widget_type=\"text-editor.default\">\n\t\t\t\t<div class=\"elementor-widget-container\">\n\t\t\t<style>\/*! elementor - v3.6.6 - 08-06-2022 *\/\n.elementor-widget-text-editor.elementor-drop-cap-view-stacked .elementor-drop-cap{background-color:#818a91;color:#fff}.elementor-widget-text-editor.elementor-drop-cap-view-framed .elementor-drop-cap{color:#818a91;border:3px solid;background-color:transparent}.elementor-widget-text-editor:not(.elementor-drop-cap-view-default) .elementor-drop-cap{margin-top:8px}.elementor-widget-text-editor:not(.elementor-drop-cap-view-default) .elementor-drop-cap-letter{width:1em;height:1em}.elementor-widget-text-editor .elementor-drop-cap{float:left;text-align:center;line-height:1;font-size:50px}.elementor-widget-text-editor .elementor-drop-cap-letter{display:inline-block}<\/style>\t\t\t\t<p><span style=\"font-weight: 400;\">Das Geb\u00e4ude, in dem sich derzeit unsere Wohnung befindet, hat eine reiche Geschichte. Es wurde wahrscheinlich Ende des 19. Jahrhunderts erbaut. Die benachbarten Mietsh\u00e4user wurden um die Jahreswende 1894\/1895 errichtet, daher d\u00fcrfte auch dieses Geb\u00e4ude aus dieser Zeit stammen.<\/span><\/p><p><span style=\"font-weight: 400;\">Der erste Besitzer war ein Kaufmann aus Berlin &#8211; Otto Haah, der ein erstklassiges G\u00e4stehaus schuf und es An de Waterkant nannte. Es wurde adligen Geburten und deutschen Offizieren empfohlen. Damals hatte das G\u00e4stehaus elektrische Beleuchtung und Zentralheizung, und jedes Zimmer hatte ein Badezimmer.<\/span><\/p><p><span style=\"font-weight: 400;\">Eine weitere Erw\u00e4hnung des Hauses stammt aus dem Jahr 1932 und spricht vom neuen Besitzer Willy Wolf, der im Erdgeschoss ein elegantes Restaurant eingerichtet hat. W\u00e4hrend seiner Zeit im G\u00e4stehaus war Platz f\u00fcr 52 Personen.<\/span><\/p><p><span style=\"font-weight: 400;\">W\u00e4hrend des Zweiten Weltkriegs diente die Einrichtung als Lazarett, 1944 wurde sie von Kriegsfl\u00fcchtlingen aus dem Osten bewohnt.<\/span><\/p><p><span style=\"font-weight: 400;\">1945 \u00fcbernahmen die Russen das gesamte K\u00fcstenviertel. Sie haben das Gebiet eingez\u00e4unt und die Polen nicht hineingelassen oder den Strand benutzt. Damals lebten in dem Geb\u00e4ude die Familien der sowjetischen Soldaten.<\/span><\/p><p><span style=\"font-weight: 400;\">Um die Jahreswende 1958\/59 wurde die Pension von der Stadt Swinem\u00fcnde \u00fcbernommen. Es wurde an Almatur verpachtet &#8211; eine Organisation, die sich mit Studententourismus besch\u00e4ftigte. Damals erhielt das Geb\u00e4ude den Namen Wisus.<\/span><\/p><p><span style=\"font-weight: 400;\">1965 betrat FAMA, das ber\u00fchmte Kunstfestival der akademischen Jugend, das Geb\u00e4ude. K\u00fcnstler, die am Festival teilnahmen, \u00fcbernachteten dort. Die Geschichte \u00fcber die Einf\u00fchrung eines Esels in das Geb\u00e4ude w\u00e4hrend eines der Abendspiele ist von den Kuriosit\u00e4ten jener Zeit geblieben.<\/span><\/p><p><span style=\"font-weight: 400;\">Viele Jahre lang war das Geb\u00e4ude verlassen, aber in den Jahren 2017-2020 wurde es einer umfassenden Renovierung unterzogen und fungiert nun als modernes Apartmentgeb\u00e4ude mit Sauna, Whirlpool und Fitnessraum.<\/span><\/p>\t\t\t\t\t\t<\/div>\n\t\t\t\t<\/div>\n\t\t\t\t\t<\/div>\n\t\t<\/div>\n\t\t\t\t\t\t\t<\/div>\n\t\t<\/section>\n\t\t\t\t\t\t\t<\/div>\n\t\t","protected":false},"excerpt":{"rendered":"<p>Geschichte Das Geb\u00e4ude, in dem sich derzeit unsere Wohnung befindet, hat eine reiche Geschichte. Es wurde wahrscheinlich Ende des 19. Jahrhunderts erbaut. Die benachbarten Mietsh\u00e4user wurden um die Jahreswende 1894\/1895 errichtet, daher d\u00fcrfte auch dieses Geb\u00e4ude aus dieser Zeit stammen. Der erste Besitzer war ein Kaufmann aus Berlin &#8211; Otto [&hellip;]<\/p>\n","protected":false},"author":1,"featured_media":0,"parent":0,"menu_order":0,"comment_status":"closed","ping_status":"closed","template":"page-templates\/template-pagebuilder-full-width.php","meta":{"footnotes":""},"class_list":["post-46","page","type-page","status-publish","hentry"],"_links":{"self":[{"href":"https:\/\/zeromskiego17.insel-apartamenty.pl\/index.php?rest_route=\/wp\/v2\/pages\/46","targetHints":{"allow":["GET"]}}],"collection":[{"href":"https:\/\/zeromskiego17.insel-apartamenty.pl\/index.php?rest_route=\/wp\/v2\/pages"}],"about":[{"href":"https:\/\/zeromskiego17.insel-apartamenty.pl\/index.php?rest_route=\/wp\/v2\/types\/page"}],"author":[{"embeddable":true,"href":"https:\/\/zeromskiego17.insel-apartamenty.pl\/index.php?rest_route=\/wp\/v2\/users\/1"}],"replies":[{"embeddable":true,"href":"https:\/\/zeromskiego17.insel-apartamenty.pl\/index.php?rest_route=%2Fwp%2Fv2%2Fcomments&post=46"}],"version-history":[{"count":22,"href":"https:\/\/zeromskiego17.insel-apartamenty.pl\/index.php?rest_route=\/wp\/v2\/pages\/46\/revisions"}],"predecessor-version":[{"id":352,"href":"https:\/\/zeromskiego17.insel-apartamenty.pl\/index.php?rest_route=\/wp\/v2\/pages\/46\/revisions\/352"}],"wp:attachment":[{"href":"https:\/\/zeromskiego17.insel-apartamenty.pl\/index.php?rest_route=%2Fwp%2Fv2%2Fmedia&parent=46"}],"curies":[{"name":"wp","href":"https:\/\/api.w.org\/{rel}","templated":true}]}}