{"id":9,"date":"2022-06-22T10:40:06","date_gmt":"2022-06-22T08:40:06","guid":{"rendered":"http:\/\/zeromskiego17.insel-apartamenty.pl\/?page_id=9"},"modified":"2022-06-25T09:21:03","modified_gmt":"2022-06-25T07:21:03","slug":"o-nas","status":"publish","type":"page","link":"https:\/\/zeromskiego17.insel-apartamenty.pl\/","title":{"rendered":"Apartament \u017beromskiego 17\/11"},"content":{"rendered":"\t\t<div data-elementor-type=\"wp-page\" data-elementor-id=\"9\" class=\"elementor elementor-9\">\n\t\t\t\t\t\t\t\t\t<section class=\"elementor-section elementor-top-section elementor-element elementor-element-f426be2 elementor-section-boxed elementor-section-height-default elementor-section-height-default\" data-id=\"f426be2\" data-element_type=\"section\">\n\t\t\t\t\t\t<div class=\"elementor-container elementor-column-gap-default\">\n\t\t\t\t\t<div class=\"elementor-column elementor-col-100 elementor-top-column elementor-element elementor-element-3c4ffc1\" data-id=\"3c4ffc1\" data-element_type=\"column\">\n\t\t\t<div class=\"elementor-widget-wrap elementor-element-populated\">\n\t\t\t\t\t\t\t\t<div class=\"elementor-element elementor-element-314fd5f elementor-widget elementor-widget-heading\" data-id=\"314fd5f\" data-element_type=\"widget\" data-widget_type=\"heading.default\">\n\t\t\t\t<div class=\"elementor-widget-container\">\n\t\t\t<style>\/*! elementor - v3.6.6 - 08-06-2022 *\/\n.elementor-heading-title{padding:0;margin:0;line-height:1}.elementor-widget-heading .elementor-heading-title[class*=elementor-size-]>a{color:inherit;font-size:inherit;line-height:inherit}.elementor-widget-heading .elementor-heading-title.elementor-size-small{font-size:15px}.elementor-widget-heading .elementor-heading-title.elementor-size-medium{font-size:19px}.elementor-widget-heading .elementor-heading-title.elementor-size-large{font-size:29px}.elementor-widget-heading .elementor-heading-title.elementor-size-xl{font-size:39px}.elementor-widget-heading .elementor-heading-title.elementor-size-xxl{font-size:59px}<\/style><h2 class=\"elementor-heading-title elementor-size-default\"><br>Apartament \u017beromskiego 17\/11<br>   <\/h2>\t\t<\/div>\n\t\t\t\t<\/div>\n\t\t\t\t\t<\/div>\n\t\t<\/div>\n\t\t\t\t\t\t\t<\/div>\n\t\t<\/section>\n\t\t\t\t<section class=\"elementor-section elementor-top-section elementor-element elementor-element-ebe7c9b elementor-section-boxed elementor-section-height-default elementor-section-height-default\" data-id=\"ebe7c9b\" data-element_type=\"section\">\n\t\t\t\t\t\t<div class=\"elementor-container elementor-column-gap-default\">\n\t\t\t\t\t<div class=\"elementor-column elementor-col-66 elementor-top-column elementor-element elementor-element-5b7ae91\" data-id=\"5b7ae91\" data-element_type=\"column\">\n\t\t\t<div class=\"elementor-widget-wrap elementor-element-populated\">\n\t\t\t\t\t\t\t\t<div class=\"elementor-element elementor-element-e04e822 elementor-widget elementor-widget-text-editor\" data-id=\"e04e822\" data-element_type=\"widget\" data-widget_type=\"text-editor.default\">\n\t\t\t\t<div class=\"elementor-widget-container\">\n\t\t\t<style>\/*! elementor - v3.6.6 - 08-06-2022 *\/\n.elementor-widget-text-editor.elementor-drop-cap-view-stacked .elementor-drop-cap{background-color:#818a91;color:#fff}.elementor-widget-text-editor.elementor-drop-cap-view-framed .elementor-drop-cap{color:#818a91;border:3px solid;background-color:transparent}.elementor-widget-text-editor:not(.elementor-drop-cap-view-default) .elementor-drop-cap{margin-top:8px}.elementor-widget-text-editor:not(.elementor-drop-cap-view-default) .elementor-drop-cap-letter{width:1em;height:1em}.elementor-widget-text-editor .elementor-drop-cap{float:left;text-align:center;line-height:1;font-size:50px}.elementor-widget-text-editor .elementor-drop-cap-letter{display:inline-block}<\/style>\t\t\t\t<p><b>\u00a0 \u00a0<\/b><\/p><p><b>O Nas<\/b><\/p><p><span style=\"font-weight: 400;\">Apartament znajduje si\u0119 w \u015awinouj\u015bciu przy ul. \u017beromskiego 17,\u00a0 tu\u017c przy promenadzie historycznej, zaledwie 100 metr\u00f3w od pi\u0119knej i szerokiej pla\u017cy.\u00a0 Budynek w kt\u00f3rym znajduje si\u0119 Apartament to przedwojenna kamienica, kt\u00f3ra w 2020 r. przesz\u0142a gruntowny remont, i obecnie prezentuje si\u0119 jako\u00a0 apartamentowiec o wysokim standardzie i zabytkowym charakterze. Lokalizacja sprawia, \u017ce w kilka chwil mo\u017cecie znale\u017a\u0107 si\u0119 na jednej ze \u015bwinoujskich promenad lub najszerszej w Polsce pla\u017cy. Budynek wyposa\u017cony jest w wind\u0119 a do dyspozycji go\u015bci s\u0105 sauna i si\u0142ownia. Najbli\u017cszy strze\u017cony parking znajduje si\u0119 po drugiej stronie ulicy.<\/span><\/p><p><span style=\"font-weight: 400;\">Apartament zlokalizowany jest na pierwszym pi\u0119trze i jest zupe\u0142nie samodzielny. Na 24 metrach kwadratowych znajduje si\u0119 aneks kuchenny, wygodne dwuosobowe \u0142\u00f3\u017cko kontynentalne, st\u00f3\u0142 jadalniany z miejscami do siedzenia, telewizor, pojemna szafa\u00a0 oraz \u0142azienka z prysznicem.. Apartament wyposa\u017cony jest w klimatyzacj\u0119.<\/span><\/p><p><b>W apartamencie do dyspozycji go\u015bci znajduje si\u0119:<\/b><\/p><ul><li style=\"font-weight: 400;\" aria-level=\"1\"><span style=\"font-weight: 400;\">w pe\u0142ni wyposa\u017cony aneks kuchenny<\/span><\/li><li style=\"font-weight: 400;\" aria-level=\"1\"><span style=\"font-weight: 400;\">\u0142azienka z WC i prysznicem<\/span><\/li><li style=\"font-weight: 400;\" aria-level=\"1\"><span style=\"font-weight: 400;\">suszarka do w\u0142os\u00f3w<\/span><\/li><li style=\"font-weight: 400;\" aria-level=\"1\"><span style=\"font-weight: 400;\">po\u015bciel<\/span><\/li><li style=\"font-weight: 400;\" aria-level=\"1\"><span style=\"font-weight: 400;\">r\u0119czniki<\/span><\/li><li style=\"font-weight: 400;\" aria-level=\"1\"><span style=\"font-weight: 400;\">odkurzacz, mop<\/span><\/li><li style=\"font-weight: 400;\" aria-level=\"1\"><span style=\"font-weight: 400;\">lod\u00f3wka<\/span><\/li><li style=\"font-weight: 400;\" aria-level=\"1\"><span style=\"font-weight: 400;\">zmywarka<\/span><\/li><li style=\"font-weight: 400;\" aria-level=\"1\"><span style=\"font-weight: 400;\">\u017celazko, deska do prasowania<\/span><\/li><li style=\"font-weight: 400;\" aria-level=\"1\"><span style=\"font-weight: 400;\">suszarka do ubra\u0144<\/span><\/li><\/ul>\t\t\t\t\t\t<\/div>\n\t\t\t\t<\/div>\n\t\t\t\t\t<\/div>\n\t\t<\/div>\n\t\t\t\t<div class=\"elementor-column elementor-col-33 elementor-top-column elementor-element elementor-element-9dcf8e5\" data-id=\"9dcf8e5\" data-element_type=\"column\">\n\t\t\t<div class=\"elementor-widget-wrap elementor-element-populated\">\n\t\t\t\t\t\t\t\t<div class=\"elementor-element elementor-element-0cc8dd9 elementor-widget elementor-widget-image\" data-id=\"0cc8dd9\" data-element_type=\"widget\" data-widget_type=\"image.default\">\n\t\t\t\t<div class=\"elementor-widget-container\">\n\t\t\t<style>\/*! elementor - v3.6.6 - 08-06-2022 *\/\n.elementor-widget-image{text-align:center}.elementor-widget-image a{display:inline-block}.elementor-widget-image a img[src$=\".svg\"]{width:48px}.elementor-widget-image img{vertical-align:middle;display:inline-block}<\/style>\t\t\t\t\t\t\t\t\t\t\t\t<img loading=\"lazy\" decoding=\"async\" width=\"682\" height=\"1024\" src=\"https:\/\/zeromskiego17.insel-apartamenty.pl\/wp-content\/uploads\/2022\/06\/IMG_5130-Large-682x1024.jpeg\" class=\"attachment-large size-large\" alt=\"\" srcset=\"https:\/\/zeromskiego17.insel-apartamenty.pl\/wp-content\/uploads\/2022\/06\/IMG_5130-Large-682x1024.jpeg 682w, https:\/\/zeromskiego17.insel-apartamenty.pl\/wp-content\/uploads\/2022\/06\/IMG_5130-Large-200x300.jpeg 200w, https:\/\/zeromskiego17.insel-apartamenty.pl\/wp-content\/uploads\/2022\/06\/IMG_5130-Large-768x1152.jpeg 768w, https:\/\/zeromskiego17.insel-apartamenty.pl\/wp-content\/uploads\/2022\/06\/IMG_5130-Large.jpeg 853w\" sizes=\"auto, (max-width: 682px) 100vw, 682px\" \/>\t\t\t\t\t\t\t\t\t\t\t\t\t\t\t<\/div>\n\t\t\t\t<\/div>\n\t\t\t\t\t<\/div>\n\t\t<\/div>\n\t\t\t\t\t\t\t<\/div>\n\t\t<\/section>\n\t\t\t\t\t\t\t<\/div>\n\t\t","protected":false},"excerpt":{"rendered":"<p>Apartament \u017beromskiego 17\/11 \u00a0 \u00a0 O Nas Apartament znajduje si\u0119 w \u015awinouj\u015bciu przy ul. \u017beromskiego 17,\u00a0 tu\u017c przy promenadzie historycznej, zaledwie 100 metr\u00f3w od pi\u0119knej i szerokiej pla\u017cy.\u00a0 Budynek w kt\u00f3rym znajduje si\u0119 Apartament to przedwojenna kamienica, kt\u00f3ra w 2020 r. przesz\u0142a gruntowny remont, i obecnie prezentuje si\u0119 jako\u00a0 apartamentowiec [&hellip;]<\/p>\n","protected":false},"author":1,"featured_media":0,"parent":0,"menu_order":0,"comment_status":"closed","ping_status":"closed","template":"elementor_header_footer","meta":{"footnotes":""},"class_list":["post-9","page","type-page","status-publish","hentry"],"_links":{"self":[{"href":"https:\/\/zeromskiego17.insel-apartamenty.pl\/index.php?rest_route=\/wp\/v2\/pages\/9","targetHints":{"allow":["GET"]}}],"collection":[{"href":"https:\/\/zeromskiego17.insel-apartamenty.pl\/index.php?rest_route=\/wp\/v2\/pages"}],"about":[{"href":"https:\/\/zeromskiego17.insel-apartamenty.pl\/index.php?rest_route=\/wp\/v2\/types\/page"}],"author":[{"embeddable":true,"href":"https:\/\/zeromskiego17.insel-apartamenty.pl\/index.php?rest_route=\/wp\/v2\/users\/1"}],"replies":[{"embeddable":true,"href":"https:\/\/zeromskiego17.insel-apartamenty.pl\/index.php?rest_route=%2Fwp%2Fv2%2Fcomments&post=9"}],"version-history":[{"count":32,"href":"https:\/\/zeromskiego17.insel-apartamenty.pl\/index.php?rest_route=\/wp\/v2\/pages\/9\/revisions"}],"predecessor-version":[{"id":276,"href":"https:\/\/zeromskiego17.insel-apartamenty.pl\/index.php?rest_route=\/wp\/v2\/pages\/9\/revisions\/276"}],"wp:attachment":[{"href":"https:\/\/zeromskiego17.insel-apartamenty.pl\/index.php?rest_route=%2Fwp%2Fv2%2Fmedia&parent=9"}],"curies":[{"name":"wp","href":"https:\/\/api.w.org\/{rel}","templated":true}]}}